{"id":3234,"date":"2025-11-13T05:00:56","date_gmt":"2025-11-13T05:00:56","guid":{"rendered":"https:\/\/www.armindacarbonell.com\/projects\/raimat-arts-festival\/"},"modified":"2025-11-13T16:32:14","modified_gmt":"2025-11-13T16:32:14","slug":"raimat-arts-festival","status":"publish","type":"page","link":"https:\/\/www.armindacarbonell.com\/en\/projects\/raimat-arts-festival\/","title":{"rendered":"Raimat Arts Festival"},"content":{"rendered":"\t\t<div data-elementor-type=\"wp-page\" data-elementor-id=\"3234\" class=\"elementor elementor-3234 elementor-1930\" data-elementor-post-type=\"page\">\n\t\t\t\t<div class=\"elementor-element elementor-element-6f58cd7 e-flex e-con-boxed e-con e-parent\" data-id=\"6f58cd7\" data-element_type=\"container\" data-e-type=\"container\">\n\t\t\t\t\t<div class=\"e-con-inner\">\n\t\t\t\t<div class=\"elementor-element elementor-element-d0319e3 elementor-hidden-mobile elementor-widget__width-initial elementor-widget elementor-widget-text-editor\" data-id=\"d0319e3\" data-element_type=\"widget\" data-e-type=\"widget\" data-widget_type=\"text-editor.default\">\n\t\t\t\t\t\t\t\t\t<p>Estrategia visual<br>Direcci\u00f3n de arte<br>Dise\u00f1o gr\u00e1fico<br>IA generativa<br>Coordinaci\u00f3n<\/p>\t\t\t\t\t\t\t\t<\/div>\n\t\t<div class=\"elementor-element elementor-element-2d64a32 e-con-full e-flex e-con e-child\" data-id=\"2d64a32\" data-element_type=\"container\" data-e-type=\"container\">\n\t\t\t\t<div class=\"elementor-element elementor-element-6e6f492 elementor-widget elementor-widget-heading\" data-id=\"6e6f492\" data-element_type=\"widget\" data-e-type=\"widget\" data-widget_type=\"heading.default\">\n\t\t\t\t\t<h1 class=\"elementor-heading-title elementor-size-default\">Raimat Arts Festival<\/h1>\t\t\t\t<\/div>\n\t\t\t\t<div class=\"elementor-element elementor-element-226aa0c elementor-widget elementor-widget-text-editor\" data-id=\"226aa0c\" data-element_type=\"widget\" data-e-type=\"widget\" data-widget_type=\"text-editor.default\">\n\t\t\t\t\t\t\t\t\t<p>Since 2022, I\u2019ve been leading the branding and communication for Raimat Arts Festival, a cultural event that brings together music, sustainability, gastronomy and territory in Lleida. Each edition involves building a specific visual identity \u2014 one that aligns with the brand narrative and evolves without losing recognition. <\/p><p>The art direction is built every year around a new <strong>Key Visual<\/strong>, born from a strategic insight connected to the landscape, environmental commitment and the festival\u2019s positive impact on the local community: leaves, water drops, sprouts, soil or grapes as symbols of the agricultural cycle. It\u2019s about creating a visual language with intention. Every element reinforces the bond with the territory while maintaining a consistent narrative over time.  <\/p><p>This system is adapted to more than 40 communication pieces \u2014 including press, urban signage, social media, print and event materials \u2014 always maintaining visual cohesion. In the 2025 edition, some graphics were developed using <strong>generative AI<\/strong>, applied to a visual exploration of classical music as a key symbol. <\/p><p>A project that shows how sustainability, art and strategy can coexist in a <strong>cultural brand that is solid,<\/strong> recognisable and constantly evolving.<\/p>\t\t\t\t\t\t\t\t<\/div>\n\t\t\t\t<\/div>\n\t\t\t\t\t<\/div>\n\t\t\t\t<\/div>\n\t\t<div class=\"elementor-element elementor-element-1d86554 e-flex e-con-boxed e-con e-parent\" data-id=\"1d86554\" data-element_type=\"container\" data-e-type=\"container\">\n\t\t\t\t\t<div class=\"e-con-inner\">\n\t\t\t\t<div class=\"elementor-element elementor-element-4de6e89 elementor-widget__width-initial elementor-widget elementor-widget-image\" data-id=\"4de6e89\" data-element_type=\"widget\" data-e-type=\"widget\" data-widget_type=\"image.default\">\n\t\t\t\t\t\t\t\t\t\t\t\t\t\t\t<img fetchpriority=\"high\" decoding=\"async\" width=\"1080\" height=\"1080\" src=\"https:\/\/www.armindacarbonell.com\/wp-content\/uploads\/2025\/11\/RAF_2022.jpg\" class=\"attachment-full size-full wp-image-2764\" alt=\"\" srcset=\"https:\/\/www.armindacarbonell.com\/wp-content\/uploads\/2025\/11\/RAF_2022.jpg 1080w, https:\/\/www.armindacarbonell.com\/wp-content\/uploads\/2025\/11\/RAF_2022-300x300.jpg 300w, https:\/\/www.armindacarbonell.com\/wp-content\/uploads\/2025\/11\/RAF_2022-1024x1024.jpg 1024w, https:\/\/www.armindacarbonell.com\/wp-content\/uploads\/2025\/11\/RAF_2022-150x150.jpg 150w, https:\/\/www.armindacarbonell.com\/wp-content\/uploads\/2025\/11\/RAF_2022-768x768.jpg 768w\" sizes=\"(max-width: 1080px) 100vw, 1080px\" \/>\t\t\t\t\t\t\t\t\t\t\t\t\t\t\t<\/div>\n\t\t\t\t<div class=\"elementor-element elementor-element-87afc20 elementor-widget__width-initial elementor-widget elementor-widget-image\" data-id=\"87afc20\" data-element_type=\"widget\" data-e-type=\"widget\" data-widget_type=\"image.default\">\n\t\t\t\t\t\t\t\t\t\t\t\t\t\t\t<img decoding=\"async\" width=\"1080\" height=\"1080\" src=\"https:\/\/www.armindacarbonell.com\/wp-content\/uploads\/2025\/11\/RAF_2023.jpg\" class=\"attachment-full size-full wp-image-2766\" alt=\"\" srcset=\"https:\/\/www.armindacarbonell.com\/wp-content\/uploads\/2025\/11\/RAF_2023.jpg 1080w, https:\/\/www.armindacarbonell.com\/wp-content\/uploads\/2025\/11\/RAF_2023-300x300.jpg 300w, https:\/\/www.armindacarbonell.com\/wp-content\/uploads\/2025\/11\/RAF_2023-1024x1024.jpg 1024w, https:\/\/www.armindacarbonell.com\/wp-content\/uploads\/2025\/11\/RAF_2023-150x150.jpg 150w, https:\/\/www.armindacarbonell.com\/wp-content\/uploads\/2025\/11\/RAF_2023-768x768.jpg 768w\" sizes=\"(max-width: 1080px) 100vw, 1080px\" \/>\t\t\t\t\t\t\t\t\t\t\t\t\t\t\t<\/div>\n\t\t\t\t\t<\/div>\n\t\t\t\t<\/div>\n\t\t<div class=\"elementor-element elementor-element-52ee3fe e-flex e-con-boxed e-con e-parent\" data-id=\"52ee3fe\" data-element_type=\"container\" data-e-type=\"container\">\n\t\t\t\t\t<div class=\"e-con-inner\">\n\t\t\t\t<div class=\"elementor-element elementor-element-f578198 elementor-widget__width-initial elementor-widget elementor-widget-image\" data-id=\"f578198\" data-element_type=\"widget\" data-e-type=\"widget\" data-widget_type=\"image.default\">\n\t\t\t\t\t\t\t\t\t\t\t\t\t\t\t<img decoding=\"async\" width=\"1080\" height=\"1080\" src=\"https:\/\/www.armindacarbonell.com\/wp-content\/uploads\/2025\/11\/RAF_2024.jpg\" class=\"attachment-full size-full wp-image-2768\" alt=\"\" srcset=\"https:\/\/www.armindacarbonell.com\/wp-content\/uploads\/2025\/11\/RAF_2024.jpg 1080w, https:\/\/www.armindacarbonell.com\/wp-content\/uploads\/2025\/11\/RAF_2024-300x300.jpg 300w, https:\/\/www.armindacarbonell.com\/wp-content\/uploads\/2025\/11\/RAF_2024-1024x1024.jpg 1024w, https:\/\/www.armindacarbonell.com\/wp-content\/uploads\/2025\/11\/RAF_2024-150x150.jpg 150w, https:\/\/www.armindacarbonell.com\/wp-content\/uploads\/2025\/11\/RAF_2024-768x768.jpg 768w\" sizes=\"(max-width: 1080px) 100vw, 1080px\" \/>\t\t\t\t\t\t\t\t\t\t\t\t\t\t\t<\/div>\n\t\t\t\t<div class=\"elementor-element elementor-element-520da9e elementor-widget__width-initial elementor-widget elementor-widget-image\" data-id=\"520da9e\" data-element_type=\"widget\" data-e-type=\"widget\" data-widget_type=\"image.default\">\n\t\t\t\t\t\t\t\t\t\t\t\t\t\t\t<img loading=\"lazy\" decoding=\"async\" width=\"1080\" height=\"1080\" src=\"https:\/\/www.armindacarbonell.com\/wp-content\/uploads\/2025\/11\/RAF_2025.jpg\" class=\"attachment-full size-full wp-image-2770\" alt=\"\" srcset=\"https:\/\/www.armindacarbonell.com\/wp-content\/uploads\/2025\/11\/RAF_2025.jpg 1080w, https:\/\/www.armindacarbonell.com\/wp-content\/uploads\/2025\/11\/RAF_2025-300x300.jpg 300w, https:\/\/www.armindacarbonell.com\/wp-content\/uploads\/2025\/11\/RAF_2025-1024x1024.jpg 1024w, https:\/\/www.armindacarbonell.com\/wp-content\/uploads\/2025\/11\/RAF_2025-150x150.jpg 150w, https:\/\/www.armindacarbonell.com\/wp-content\/uploads\/2025\/11\/RAF_2025-768x768.jpg 768w\" sizes=\"(max-width: 1080px) 100vw, 1080px\" \/>\t\t\t\t\t\t\t\t\t\t\t\t\t\t\t<\/div>\n\t\t\t\t\t<\/div>\n\t\t\t\t<\/div>\n\t\t<div class=\"elementor-element elementor-element-6567624 e-flex e-con-boxed e-con e-parent\" data-id=\"6567624\" data-element_type=\"container\" data-e-type=\"container\">\n\t\t\t\t\t<div class=\"e-con-inner\">\n\t\t\t\t<div class=\"elementor-element elementor-element-9194f0e elementor-widget__width-initial elementor-widget elementor-widget-image\" data-id=\"9194f0e\" data-element_type=\"widget\" data-e-type=\"widget\" data-widget_type=\"image.default\">\n\t\t\t\t\t\t\t\t\t\t\t\t\t\t\t<img loading=\"lazy\" decoding=\"async\" width=\"2000\" height=\"1805\" src=\"https:\/\/www.armindacarbonell.com\/wp-content\/uploads\/2025\/11\/Instagram-Raimat_arts_festival.jpg\" class=\"attachment-full size-full wp-image-2750\" alt=\"\" srcset=\"https:\/\/www.armindacarbonell.com\/wp-content\/uploads\/2025\/11\/Instagram-Raimat_arts_festival.jpg 2000w, https:\/\/www.armindacarbonell.com\/wp-content\/uploads\/2025\/11\/Instagram-Raimat_arts_festival-300x271.jpg 300w, https:\/\/www.armindacarbonell.com\/wp-content\/uploads\/2025\/11\/Instagram-Raimat_arts_festival-1024x924.jpg 1024w, https:\/\/www.armindacarbonell.com\/wp-content\/uploads\/2025\/11\/Instagram-Raimat_arts_festival-768x693.jpg 768w, https:\/\/www.armindacarbonell.com\/wp-content\/uploads\/2025\/11\/Instagram-Raimat_arts_festival-1536x1386.jpg 1536w\" sizes=\"(max-width: 2000px) 100vw, 2000px\" \/>\t\t\t\t\t\t\t\t\t\t\t\t\t\t\t<\/div>\n\t\t\t\t\t<\/div>\n\t\t\t\t<\/div>\n\t\t<div class=\"elementor-element elementor-element-93832ed e-flex e-con-boxed e-con e-parent\" data-id=\"93832ed\" data-element_type=\"container\" data-e-type=\"container\">\n\t\t\t\t\t<div class=\"e-con-inner\">\n\t\t\t\t<div class=\"elementor-element elementor-element-a204912 elementor-widget elementor-widget-image\" data-id=\"a204912\" data-element_type=\"widget\" data-e-type=\"widget\" data-widget_type=\"image.default\">\n\t\t\t\t\t\t\t\t\t\t\t\t\t\t\t<img loading=\"lazy\" decoding=\"async\" width=\"2560\" height=\"1487\" src=\"https:\/\/www.armindacarbonell.com\/wp-content\/uploads\/2025\/11\/Photcall_Raimat_arts_festival-scaled.jpg\" class=\"attachment-full size-full wp-image-2756\" alt=\"\" srcset=\"https:\/\/www.armindacarbonell.com\/wp-content\/uploads\/2025\/11\/Photcall_Raimat_arts_festival-scaled.jpg 2560w, https:\/\/www.armindacarbonell.com\/wp-content\/uploads\/2025\/11\/Photcall_Raimat_arts_festival-300x174.jpg 300w, https:\/\/www.armindacarbonell.com\/wp-content\/uploads\/2025\/11\/Photcall_Raimat_arts_festival-1024x595.jpg 1024w, https:\/\/www.armindacarbonell.com\/wp-content\/uploads\/2025\/11\/Photcall_Raimat_arts_festival-768x446.jpg 768w, https:\/\/www.armindacarbonell.com\/wp-content\/uploads\/2025\/11\/Photcall_Raimat_arts_festival-1536x892.jpg 1536w, https:\/\/www.armindacarbonell.com\/wp-content\/uploads\/2025\/11\/Photcall_Raimat_arts_festival-2048x1190.jpg 2048w\" sizes=\"(max-width: 2560px) 100vw, 2560px\" \/>\t\t\t\t\t\t\t\t\t\t\t\t\t\t\t<\/div>\n\t\t\t\t\t<\/div>\n\t\t\t\t<\/div>\n\t\t<div class=\"elementor-element elementor-element-8116031 e-flex e-con-boxed e-con e-parent\" data-id=\"8116031\" data-element_type=\"container\" data-e-type=\"container\">\n\t\t\t\t\t<div class=\"e-con-inner\">\n\t\t<div class=\"elementor-element elementor-element-88ebd84 e-con-full e-flex e-con e-child\" data-id=\"88ebd84\" data-element_type=\"container\" data-e-type=\"container\">\n\t\t\t\t<div class=\"elementor-element elementor-element-16799e3 elementor-widget__width-initial elementor-widget elementor-widget-image\" data-id=\"16799e3\" data-element_type=\"widget\" data-e-type=\"widget\" data-widget_type=\"image.default\">\n\t\t\t\t\t\t\t\t\t\t\t\t\t\t\t<img loading=\"lazy\" decoding=\"async\" width=\"2560\" height=\"1707\" src=\"https:\/\/www.armindacarbonell.com\/wp-content\/uploads\/2025\/11\/Banderola_Raimat_arts_festival-scaled.jpg\" class=\"attachment-full size-full wp-image-2742\" alt=\"\" srcset=\"https:\/\/www.armindacarbonell.com\/wp-content\/uploads\/2025\/11\/Banderola_Raimat_arts_festival-scaled.jpg 2560w, https:\/\/www.armindacarbonell.com\/wp-content\/uploads\/2025\/11\/Banderola_Raimat_arts_festival-300x200.jpg 300w, https:\/\/www.armindacarbonell.com\/wp-content\/uploads\/2025\/11\/Banderola_Raimat_arts_festival-1024x683.jpg 1024w, https:\/\/www.armindacarbonell.com\/wp-content\/uploads\/2025\/11\/Banderola_Raimat_arts_festival-768x512.jpg 768w, https:\/\/www.armindacarbonell.com\/wp-content\/uploads\/2025\/11\/Banderola_Raimat_arts_festival-1536x1024.jpg 1536w, https:\/\/www.armindacarbonell.com\/wp-content\/uploads\/2025\/11\/Banderola_Raimat_arts_festival-2048x1366.jpg 2048w\" sizes=\"(max-width: 2560px) 100vw, 2560px\" \/>\t\t\t\t\t\t\t\t\t\t\t\t\t\t\t<\/div>\n\t\t\t\t<div class=\"elementor-element elementor-element-47bc8db elementor-widget__width-initial elementor-widget elementor-widget-image\" data-id=\"47bc8db\" data-element_type=\"widget\" data-e-type=\"widget\" data-widget_type=\"image.default\">\n\t\t\t\t\t\t\t\t\t\t\t\t\t\t\t<img loading=\"lazy\" decoding=\"async\" width=\"2000\" height=\"2219\" src=\"https:\/\/www.armindacarbonell.com\/wp-content\/uploads\/2025\/11\/Instagram-Raf22.jpg\" class=\"attachment-full size-full wp-image-2748\" alt=\"\" srcset=\"https:\/\/www.armindacarbonell.com\/wp-content\/uploads\/2025\/11\/Instagram-Raf22.jpg 2000w, https:\/\/www.armindacarbonell.com\/wp-content\/uploads\/2025\/11\/Instagram-Raf22-270x300.jpg 270w, https:\/\/www.armindacarbonell.com\/wp-content\/uploads\/2025\/11\/Instagram-Raf22-923x1024.jpg 923w, https:\/\/www.armindacarbonell.com\/wp-content\/uploads\/2025\/11\/Instagram-Raf22-768x852.jpg 768w, https:\/\/www.armindacarbonell.com\/wp-content\/uploads\/2025\/11\/Instagram-Raf22-1384x1536.jpg 1384w, https:\/\/www.armindacarbonell.com\/wp-content\/uploads\/2025\/11\/Instagram-Raf22-1846x2048.jpg 1846w\" sizes=\"(max-width: 2000px) 100vw, 2000px\" \/>\t\t\t\t\t\t\t\t\t\t\t\t\t\t\t<\/div>\n\t\t\t\t<\/div>\n\t\t<div class=\"elementor-element elementor-element-6f67293 e-con-full e-flex e-con e-child\" data-id=\"6f67293\" data-element_type=\"container\" data-e-type=\"container\">\n\t\t\t\t<div class=\"elementor-element elementor-element-9e28cad elementor-widget__width-initial elementor-widget elementor-widget-image\" data-id=\"9e28cad\" data-element_type=\"widget\" data-e-type=\"widget\" data-widget_type=\"image.default\">\n\t\t\t\t\t\t\t\t\t\t\t\t\t\t\t<img loading=\"lazy\" decoding=\"async\" width=\"2400\" height=\"1800\" src=\"https:\/\/www.armindacarbonell.com\/wp-content\/uploads\/2025\/11\/Flyer_Raimat_arts_festival.jpg\" class=\"attachment-full size-full wp-image-2746\" alt=\"\" srcset=\"https:\/\/www.armindacarbonell.com\/wp-content\/uploads\/2025\/11\/Flyer_Raimat_arts_festival.jpg 2400w, https:\/\/www.armindacarbonell.com\/wp-content\/uploads\/2025\/11\/Flyer_Raimat_arts_festival-300x225.jpg 300w, https:\/\/www.armindacarbonell.com\/wp-content\/uploads\/2025\/11\/Flyer_Raimat_arts_festival-1024x768.jpg 1024w, https:\/\/www.armindacarbonell.com\/wp-content\/uploads\/2025\/11\/Flyer_Raimat_arts_festival-768x576.jpg 768w, https:\/\/www.armindacarbonell.com\/wp-content\/uploads\/2025\/11\/Flyer_Raimat_arts_festival-1536x1152.jpg 1536w, https:\/\/www.armindacarbonell.com\/wp-content\/uploads\/2025\/11\/Flyer_Raimat_arts_festival-2048x1536.jpg 2048w\" sizes=\"(max-width: 2400px) 100vw, 2400px\" \/>\t\t\t\t\t\t\t\t\t\t\t\t\t\t\t<\/div>\n\t\t\t\t<div class=\"elementor-element elementor-element-d039c2f elementor-widget__width-initial elementor-widget elementor-widget-image\" data-id=\"d039c2f\" data-element_type=\"widget\" data-e-type=\"widget\" data-widget_type=\"image.default\">\n\t\t\t\t\t\t\t\t\t\t\t\t\t\t\t<img loading=\"lazy\" decoding=\"async\" width=\"1060\" height=\"1320\" src=\"https:\/\/www.armindacarbonell.com\/wp-content\/uploads\/2025\/11\/prensa-Raimat_arts_festival.jpg\" class=\"attachment-full size-full wp-image-2758\" alt=\"\" srcset=\"https:\/\/www.armindacarbonell.com\/wp-content\/uploads\/2025\/11\/prensa-Raimat_arts_festival.jpg 1060w, https:\/\/www.armindacarbonell.com\/wp-content\/uploads\/2025\/11\/prensa-Raimat_arts_festival-241x300.jpg 241w, https:\/\/www.armindacarbonell.com\/wp-content\/uploads\/2025\/11\/prensa-Raimat_arts_festival-822x1024.jpg 822w, https:\/\/www.armindacarbonell.com\/wp-content\/uploads\/2025\/11\/prensa-Raimat_arts_festival-768x956.jpg 768w\" sizes=\"(max-width: 1060px) 100vw, 1060px\" \/>\t\t\t\t\t\t\t\t\t\t\t\t\t\t\t<\/div>\n\t\t\t\t<div class=\"elementor-element elementor-element-2b8f99e elementor-widget__width-initial elementor-widget elementor-widget-image\" data-id=\"2b8f99e\" data-element_type=\"widget\" data-e-type=\"widget\" data-widget_type=\"image.default\">\n\t\t\t\t\t\t\t\t\t\t\t\t\t\t\t<img loading=\"lazy\" decoding=\"async\" width=\"2380\" height=\"1587\" src=\"https:\/\/www.armindacarbonell.com\/wp-content\/uploads\/2025\/11\/programa-mano-Raimat_arts_festival.jpg\" class=\"attachment-full size-full wp-image-2760\" alt=\"\" srcset=\"https:\/\/www.armindacarbonell.com\/wp-content\/uploads\/2025\/11\/programa-mano-Raimat_arts_festival.jpg 2380w, https:\/\/www.armindacarbonell.com\/wp-content\/uploads\/2025\/11\/programa-mano-Raimat_arts_festival-300x200.jpg 300w, https:\/\/www.armindacarbonell.com\/wp-content\/uploads\/2025\/11\/programa-mano-Raimat_arts_festival-1024x683.jpg 1024w, https:\/\/www.armindacarbonell.com\/wp-content\/uploads\/2025\/11\/programa-mano-Raimat_arts_festival-768x512.jpg 768w, https:\/\/www.armindacarbonell.com\/wp-content\/uploads\/2025\/11\/programa-mano-Raimat_arts_festival-1536x1024.jpg 1536w, https:\/\/www.armindacarbonell.com\/wp-content\/uploads\/2025\/11\/programa-mano-Raimat_arts_festival-2048x1366.jpg 2048w\" sizes=\"(max-width: 2380px) 100vw, 2380px\" \/>\t\t\t\t\t\t\t\t\t\t\t\t\t\t\t<\/div>\n\t\t\t\t<\/div>\n\t\t\t\t\t<\/div>\n\t\t\t\t<\/div>\n\t\t<div class=\"elementor-element elementor-element-b7c1f4a e-flex e-con-boxed e-con e-parent\" data-id=\"b7c1f4a\" data-element_type=\"container\" data-e-type=\"container\">\n\t\t\t\t\t<div class=\"e-con-inner\">\n\t\t\t\t<div class=\"elementor-element elementor-element-601ede1 elementor-widget__width-initial elementor-widget elementor-widget-image\" data-id=\"601ede1\" data-element_type=\"widget\" data-e-type=\"widget\" data-widget_type=\"image.default\">\n\t\t\t\t\t\t\t\t\t\t\t\t\t\t\t<img loading=\"lazy\" decoding=\"async\" width=\"2000\" height=\"1514\" src=\"https:\/\/www.armindacarbonell.com\/wp-content\/uploads\/2025\/11\/rollup_Raimat_arts_festival.jpg\" class=\"attachment-full size-full wp-image-2762\" alt=\"\" srcset=\"https:\/\/www.armindacarbonell.com\/wp-content\/uploads\/2025\/11\/rollup_Raimat_arts_festival.jpg 2000w, https:\/\/www.armindacarbonell.com\/wp-content\/uploads\/2025\/11\/rollup_Raimat_arts_festival-300x227.jpg 300w, https:\/\/www.armindacarbonell.com\/wp-content\/uploads\/2025\/11\/rollup_Raimat_arts_festival-1024x775.jpg 1024w, https:\/\/www.armindacarbonell.com\/wp-content\/uploads\/2025\/11\/rollup_Raimat_arts_festival-768x581.jpg 768w, https:\/\/www.armindacarbonell.com\/wp-content\/uploads\/2025\/11\/rollup_Raimat_arts_festival-1536x1163.jpg 1536w\" sizes=\"(max-width: 2000px) 100vw, 2000px\" \/>\t\t\t\t\t\t\t\t\t\t\t\t\t\t\t<\/div>\n\t\t\t\t\t<\/div>\n\t\t\t\t<\/div>\n\t\t<div class=\"elementor-element elementor-element-4165904 e-flex e-con-boxed e-con e-parent\" data-id=\"4165904\" data-element_type=\"container\" data-e-type=\"container\">\n\t\t\t\t\t<div class=\"e-con-inner\">\n\t\t<div class=\"elementor-element elementor-element-065a51f e-con-full e-flex e-con e-child\" data-id=\"065a51f\" data-element_type=\"container\" data-e-type=\"container\">\n\t\t\t\t<div class=\"elementor-element elementor-element-af2697d elementor-widget__width-initial elementor-widget elementor-widget-image\" data-id=\"af2697d\" data-element_type=\"widget\" data-e-type=\"widget\" data-widget_type=\"image.default\">\n\t\t\t\t\t\t\t\t\t\t\t\t\t\t\t<img loading=\"lazy\" decoding=\"async\" width=\"2001\" height=\"1126\" src=\"https:\/\/www.armindacarbonell.com\/wp-content\/uploads\/2025\/11\/landin_2022-Raimat_arts_festival.jpg\" class=\"attachment-full size-full wp-image-2752\" alt=\"\" srcset=\"https:\/\/www.armindacarbonell.com\/wp-content\/uploads\/2025\/11\/landin_2022-Raimat_arts_festival.jpg 2001w, https:\/\/www.armindacarbonell.com\/wp-content\/uploads\/2025\/11\/landin_2022-Raimat_arts_festival-300x169.jpg 300w, https:\/\/www.armindacarbonell.com\/wp-content\/uploads\/2025\/11\/landin_2022-Raimat_arts_festival-1024x576.jpg 1024w, https:\/\/www.armindacarbonell.com\/wp-content\/uploads\/2025\/11\/landin_2022-Raimat_arts_festival-768x432.jpg 768w, https:\/\/www.armindacarbonell.com\/wp-content\/uploads\/2025\/11\/landin_2022-Raimat_arts_festival-1536x864.jpg 1536w\" sizes=\"(max-width: 2001px) 100vw, 2001px\" \/>\t\t\t\t\t\t\t\t\t\t\t\t\t\t\t<\/div>\n\t\t\t\t<div class=\"elementor-element elementor-element-1de31b8 elementor-widget__width-initial elementor-widget elementor-widget-image\" data-id=\"1de31b8\" data-element_type=\"widget\" data-e-type=\"widget\" data-widget_type=\"image.default\">\n\t\t\t\t\t\t\t\t\t\t\t\t\t\t\t<img loading=\"lazy\" decoding=\"async\" width=\"1920\" height=\"1080\" src=\"https:\/\/www.armindacarbonell.com\/wp-content\/uploads\/2025\/11\/Coming-Soon-RAF-\u2013-3.png\" class=\"attachment-full size-full wp-image-2744\" alt=\"\" srcset=\"https:\/\/www.armindacarbonell.com\/wp-content\/uploads\/2025\/11\/Coming-Soon-RAF-\u2013-3.png 1920w, https:\/\/www.armindacarbonell.com\/wp-content\/uploads\/2025\/11\/Coming-Soon-RAF-\u2013-3-300x169.png 300w, https:\/\/www.armindacarbonell.com\/wp-content\/uploads\/2025\/11\/Coming-Soon-RAF-\u2013-3-1024x576.png 1024w, https:\/\/www.armindacarbonell.com\/wp-content\/uploads\/2025\/11\/Coming-Soon-RAF-\u2013-3-768x432.png 768w, https:\/\/www.armindacarbonell.com\/wp-content\/uploads\/2025\/11\/Coming-Soon-RAF-\u2013-3-1536x864.png 1536w\" sizes=\"(max-width: 1920px) 100vw, 1920px\" \/>\t\t\t\t\t\t\t\t\t\t\t\t\t\t\t<\/div>\n\t\t\t\t<div class=\"elementor-element elementor-element-6901418 elementor-widget__width-initial elementor-widget elementor-widget-image\" data-id=\"6901418\" data-element_type=\"widget\" data-e-type=\"widget\" data-widget_type=\"image.default\">\n\t\t\t\t\t\t\t\t\t\t\t\t\t\t\t<img loading=\"lazy\" decoding=\"async\" width=\"2267\" height=\"1508\" src=\"https:\/\/www.armindacarbonell.com\/wp-content\/uploads\/2025\/11\/231007_3388_PEQ.jpg\" class=\"attachment-full size-full wp-image-2738\" alt=\"\" srcset=\"https:\/\/www.armindacarbonell.com\/wp-content\/uploads\/2025\/11\/231007_3388_PEQ.jpg 2267w, https:\/\/www.armindacarbonell.com\/wp-content\/uploads\/2025\/11\/231007_3388_PEQ-300x200.jpg 300w, https:\/\/www.armindacarbonell.com\/wp-content\/uploads\/2025\/11\/231007_3388_PEQ-1024x681.jpg 1024w, https:\/\/www.armindacarbonell.com\/wp-content\/uploads\/2025\/11\/231007_3388_PEQ-768x511.jpg 768w, https:\/\/www.armindacarbonell.com\/wp-content\/uploads\/2025\/11\/231007_3388_PEQ-1536x1022.jpg 1536w, https:\/\/www.armindacarbonell.com\/wp-content\/uploads\/2025\/11\/231007_3388_PEQ-2048x1362.jpg 2048w\" sizes=\"(max-width: 2267px) 100vw, 2267px\" \/>\t\t\t\t\t\t\t\t\t\t\t\t\t\t\t<\/div>\n\t\t\t\t<div class=\"elementor-element elementor-element-1cfde1b elementor-widget__width-initial elementor-widget elementor-widget-image\" data-id=\"1cfde1b\" data-element_type=\"widget\" data-e-type=\"widget\" data-widget_type=\"image.default\">\n\t\t\t\t\t\t\t\t\t\t\t\t\t\t\t<img loading=\"lazy\" decoding=\"async\" width=\"2267\" height=\"1508\" src=\"https:\/\/www.armindacarbonell.com\/wp-content\/uploads\/2025\/11\/231007_3639_PEQ.jpg\" class=\"attachment-full size-full wp-image-2740\" alt=\"\" srcset=\"https:\/\/www.armindacarbonell.com\/wp-content\/uploads\/2025\/11\/231007_3639_PEQ.jpg 2267w, https:\/\/www.armindacarbonell.com\/wp-content\/uploads\/2025\/11\/231007_3639_PEQ-300x200.jpg 300w, https:\/\/www.armindacarbonell.com\/wp-content\/uploads\/2025\/11\/231007_3639_PEQ-1024x681.jpg 1024w, https:\/\/www.armindacarbonell.com\/wp-content\/uploads\/2025\/11\/231007_3639_PEQ-768x511.jpg 768w, https:\/\/www.armindacarbonell.com\/wp-content\/uploads\/2025\/11\/231007_3639_PEQ-1536x1022.jpg 1536w, https:\/\/www.armindacarbonell.com\/wp-content\/uploads\/2025\/11\/231007_3639_PEQ-2048x1362.jpg 2048w\" sizes=\"(max-width: 2267px) 100vw, 2267px\" \/>\t\t\t\t\t\t\t\t\t\t\t\t\t\t\t<\/div>\n\t\t\t\t<\/div>\n\t\t<div class=\"elementor-element elementor-element-3911adf e-con-full e-flex e-con e-child\" data-id=\"3911adf\" data-element_type=\"container\" data-e-type=\"container\">\n\t\t\t\t<div class=\"elementor-element elementor-element-389d2cd elementor-widget__width-initial elementor-widget elementor-widget-image\" data-id=\"389d2cd\" data-element_type=\"widget\" data-e-type=\"widget\" data-widget_type=\"image.default\">\n\t\t\t\t\t\t\t\t\t\t\t\t\t\t\t<img loading=\"lazy\" decoding=\"async\" width=\"730\" height=\"2560\" src=\"https:\/\/www.armindacarbonell.com\/wp-content\/uploads\/2025\/11\/Raf_22_behance_02-scaled.jpg\" class=\"attachment-full size-full wp-image-2773\" alt=\"\" srcset=\"https:\/\/www.armindacarbonell.com\/wp-content\/uploads\/2025\/11\/Raf_22_behance_02-scaled.jpg 730w, https:\/\/www.armindacarbonell.com\/wp-content\/uploads\/2025\/11\/Raf_22_behance_02-292x1024.jpg 292w, https:\/\/www.armindacarbonell.com\/wp-content\/uploads\/2025\/11\/Raf_22_behance_02-768x2694.jpg 768w, https:\/\/www.armindacarbonell.com\/wp-content\/uploads\/2025\/11\/Raf_22_behance_02-438x1536.jpg 438w, https:\/\/www.armindacarbonell.com\/wp-content\/uploads\/2025\/11\/Raf_22_behance_02-584x2048.jpg 584w\" sizes=\"(max-width: 730px) 100vw, 730px\" \/>\t\t\t\t\t\t\t\t\t\t\t\t\t\t\t<\/div>\n\t\t\t\t<\/div>\n\t\t\t\t\t<\/div>\n\t\t\t\t<\/div>\n\t\t\t\t<\/div>\n\t\t","protected":false},"excerpt":{"rendered":"<p>A festival with impact<\/p>\n","protected":false},"author":1,"featured_media":2441,"parent":1203,"menu_order":0,"comment_status":"closed","ping_status":"closed","template":"","meta":{"footnotes":""},"class_list":["post-3234","page","type-page","status-publish","has-post-thumbnail","hentry","especialidad-branding","especialidad-ia","especialidad-ux-ui"],"_links":{"self":[{"href":"https:\/\/www.armindacarbonell.com\/en\/wp-json\/wp\/v2\/pages\/3234","targetHints":{"allow":["GET"]}}],"collection":[{"href":"https:\/\/www.armindacarbonell.com\/en\/wp-json\/wp\/v2\/pages"}],"about":[{"href":"https:\/\/www.armindacarbonell.com\/en\/wp-json\/wp\/v2\/types\/page"}],"author":[{"embeddable":true,"href":"https:\/\/www.armindacarbonell.com\/en\/wp-json\/wp\/v2\/users\/1"}],"replies":[{"embeddable":true,"href":"https:\/\/www.armindacarbonell.com\/en\/wp-json\/wp\/v2\/comments?post=3234"}],"version-history":[{"count":1,"href":"https:\/\/www.armindacarbonell.com\/en\/wp-json\/wp\/v2\/pages\/3234\/revisions"}],"predecessor-version":[{"id":3235,"href":"https:\/\/www.armindacarbonell.com\/en\/wp-json\/wp\/v2\/pages\/3234\/revisions\/3235"}],"up":[{"embeddable":true,"href":"https:\/\/www.armindacarbonell.com\/en\/wp-json\/wp\/v2\/pages\/1203"}],"wp:featuredmedia":[{"embeddable":true,"href":"https:\/\/www.armindacarbonell.com\/en\/wp-json\/wp\/v2\/media\/2441"}],"wp:attachment":[{"href":"https:\/\/www.armindacarbonell.com\/en\/wp-json\/wp\/v2\/media?parent=3234"}],"curies":[{"name":"wp","href":"https:\/\/api.w.org\/{rel}","templated":true}]}}