{"id":1199,"date":"2022-03-11T10:44:16","date_gmt":"2022-03-11T10:44:16","guid":{"rendered":"https:\/\/armindacarbonell.com\/legal-advice\/"},"modified":"2025-11-13T15:45:08","modified_gmt":"2025-11-13T15:45:08","slug":"legal-advice","status":"publish","type":"page","link":"https:\/\/www.armindacarbonell.com\/en\/legal-advice\/","title":{"rendered":"Legal Advice"},"content":{"rendered":"\t\t<div data-elementor-type=\"wp-page\" data-elementor-id=\"1199\" class=\"elementor elementor-1199 elementor-15\" data-elementor-post-type=\"page\">\n\t\t\t\t<div class=\"elementor-element elementor-element-9e86ac0 e-flex e-con-boxed e-con e-parent\" data-id=\"9e86ac0\" data-element_type=\"container\" data-e-type=\"container\">\n\t\t\t\t\t<div class=\"e-con-inner\">\n\t\t\t\t<div class=\"elementor-element elementor-element-818efd2 elementor-widget elementor-widget-heading\" data-id=\"818efd2\" data-element_type=\"widget\" data-e-type=\"widget\" data-widget_type=\"heading.default\">\n\t\t\t\t\t<h1 class=\"elementor-heading-title elementor-size-default\">Legal Advice<\/h1>\t\t\t\t<\/div>\n\t\t\t\t<div class=\"elementor-element elementor-element-99d1d50 elementor-widget elementor-widget-text-editor\" data-id=\"99d1d50\" data-element_type=\"widget\" data-e-type=\"widget\" data-widget_type=\"text-editor.default\">\n\t\t\t\t\t\t\t\t\t\n<p>En cumplimiento del art\u00edculo 10 de la Ley 34\/2002, de 11 de julio, de Servicios de la Sociedad de la Informaci\u00f3n y Comercio Electr\u00f3nico (LSSICE) a continuaci\u00f3n se detallan los datos identificativos del responsable:<\/p>\n<p><\/p>\n<p><\/p>\n<p>Mi denominaci\u00f3n social es: Arminda Carbonell Hern\u00e1ndez. Mi CIF es 35116361F. Registered office is located at Carrer Ram\u00f3n d&#8217;Urg 84, 17860 Girona.<br>Email: hola@armindacarbonell.com. Mi actividad social es: Comunicaci\u00f3n \/ Branding \/ Dise\u00f1o gr\u00e1fico\/ UX-UI \/ Web .<\/p>\n<p><\/p>\n<p><\/p>\n<p>FINALIDAD DE LA P\u00c1GINA WEB.<\/p>\n<p><\/p>\n<p><\/p>\n<p>El sitio web facilita a los usuarios acceso a informaci\u00f3n y servicios prestados por l\u2019estudi de l\u2019arminda a aquellas personas u organizaciones interesadas en los mismos.<\/p>\n<p><\/p>\n<p><\/p>\n<p>LEGISLATION.<br>In general, the relationship between l&#8217;estudi de l&#8217;arminda and the users of its services, present in this website, are subject to Spanish legislation and jurisdiction.<\/p>\n<p><\/p>\n<p><\/p>\n<p>USER USE AND ACCESS.<br>The user is informed and accepts that access to this website does not imply, in any way, the beginning of a business relationship with l&#8217;estudi de l&#8217;arminda.<\/p>\n<p><\/p>\n<p><\/p>\n<p>INTELLECTUAL AND INDUSTRIAL PROPERTY.<br>The intellectual property rights of the content of the website, its graphic design and codes are owned by l&#8217;estudi de l&#8217;arminda and, therefore, its reproduction, distribution, public communication, transformation or any other activity that may be carried out is prohibited.<\/p>\n<p><\/p>\n<p><\/p>\n<p>CONTENIDO DE LA WEB Y ENLACES (LINKS).<br>L\u2019estudi de l\u2019arminda se reserva el derecho a actualizar, modificar o eliminar la informaci\u00f3n contenida en sus p\u00e1ginas web pudiendo incluso limitar o no permitir el acceso a dicha informaci\u00f3n. L\u2019estudi de l\u2019arminda no asume responsabilidad alguna por la informaci\u00f3n contenida en p\u00e1ginas web de terceros a las que se pueda acceder por \u201clinks\u201d o enlaces desde cualquier p\u00e1gina web propiedad de L\u2019estudi de l\u2019arminda. La presencia de \u201clinks\u201d o enlaces en las p\u00e1ginas web de l\u2019estudi de l\u2019arminda tiene finalidad informativa y en ning\u00fan caso supone sugerencia, invitaci\u00f3n o recomendaci\u00f3n sobre los mismos<\/p>\n<p><\/p>\n\t\t\t\t\t\t\t\t<\/div>\n\t\t\t\t\t<\/div>\n\t\t\t\t<\/div>\n\t\t\t\t<\/div>\n\t\t","protected":false},"excerpt":{"rendered":"<p>En cumplimiento del art\u00edculo 10 de la Ley 34\/2002, de 11 de julio, de Servicios de la Sociedad de la Informaci\u00f3n y Comercio Electr\u00f3nico (LSSICE) a continuaci\u00f3n se detallan los datos identificativos del responsable: Mi denominaci\u00f3n social es: Arminda Carbonell Hern\u00e1ndez. Mi CIF es 35116361F. Registered office is located at Carrer Ram\u00f3n d&#8217;Urg 84, 17860 [&hellip;]<\/p>\n","protected":false},"author":1,"featured_media":0,"parent":0,"menu_order":0,"comment_status":"closed","ping_status":"closed","template":"","meta":{"footnotes":""},"class_list":["post-1199","page","type-page","status-publish","hentry"],"_links":{"self":[{"href":"https:\/\/www.armindacarbonell.com\/en\/wp-json\/wp\/v2\/pages\/1199","targetHints":{"allow":["GET"]}}],"collection":[{"href":"https:\/\/www.armindacarbonell.com\/en\/wp-json\/wp\/v2\/pages"}],"about":[{"href":"https:\/\/www.armindacarbonell.com\/en\/wp-json\/wp\/v2\/types\/page"}],"author":[{"embeddable":true,"href":"https:\/\/www.armindacarbonell.com\/en\/wp-json\/wp\/v2\/users\/1"}],"replies":[{"embeddable":true,"href":"https:\/\/www.armindacarbonell.com\/en\/wp-json\/wp\/v2\/comments?post=1199"}],"version-history":[{"count":9,"href":"https:\/\/www.armindacarbonell.com\/en\/wp-json\/wp\/v2\/pages\/1199\/revisions"}],"predecessor-version":[{"id":3218,"href":"https:\/\/www.armindacarbonell.com\/en\/wp-json\/wp\/v2\/pages\/1199\/revisions\/3218"}],"wp:attachment":[{"href":"https:\/\/www.armindacarbonell.com\/en\/wp-json\/wp\/v2\/media?parent=1199"}],"curies":[{"name":"wp","href":"https:\/\/api.w.org\/{rel}","templated":true}]}}