{"id":1195,"date":"2022-03-11T10:43:43","date_gmt":"2022-03-11T10:43:43","guid":{"rendered":"https:\/\/armindacarbonell.com\/cookies-policy\/"},"modified":"2025-11-13T15:45:13","modified_gmt":"2025-11-13T15:45:13","slug":"cookies-policy","status":"publish","type":"page","link":"https:\/\/www.armindacarbonell.com\/en\/cookies-policy\/","title":{"rendered":"Cookies Policy"},"content":{"rendered":"\t\t<div data-elementor-type=\"wp-page\" data-elementor-id=\"1195\" class=\"elementor elementor-1195 elementor-12\" data-elementor-post-type=\"page\">\n\t\t\t\t<div class=\"elementor-element elementor-element-03c746d e-flex e-con-boxed e-con e-parent\" data-id=\"03c746d\" data-element_type=\"container\" data-e-type=\"container\">\n\t\t\t\t\t<div class=\"e-con-inner\">\n\t\t\t\t<div class=\"elementor-element elementor-element-a95d5c5 elementor-widget elementor-widget-heading\" data-id=\"a95d5c5\" data-element_type=\"widget\" data-e-type=\"widget\" data-widget_type=\"heading.default\">\n\t\t\t\t\t<h1 class=\"elementor-heading-title elementor-size-default\">Cookies Policy<\/h1>\t\t\t\t<\/div>\n\t\t\t\t<div class=\"elementor-element elementor-element-a729061 elementor-widget elementor-widget-text-editor\" data-id=\"a729061\" data-element_type=\"widget\" data-e-type=\"widget\" data-widget_type=\"text-editor.default\">\n\t\t\t\t\t\t\t\t\tUna cookie es un peque\u00f1o fichero de texto que se almacena en su navegador cuando visita casi cualquier p\u00e1gina web. Su utilidad es que la web sea capaz de recordar su visita cuando vuelva a navegar por esa p\u00e1gina. Las cookies suelen almacenar informaci\u00f3n de car\u00e1cter t\u00e9cnico, preferencias personales, personalizaci\u00f3n de contenidos, estad\u00edsticas de uso, enlaces a redes sociales, acceso a cuentas de usuario, etc.\n\nCookies utilizadas en este sitio web:\n\nSiguiendo las directrices de la Agencia Espa\u00f1ola de Protecci\u00f3n de Datos procedemos a detallar el uso de cookies que hace esta web. Este sitio web utiliza las siguientes cookies propias:\n\nCookies de an\u00e1lisis: Son aqu\u00e9llas que bien tratadas por nosotros o por terceros, nos permiten cuantificar el n\u00famero de usuarios y as\u00ed realizar la medici\u00f3n y an\u00e1lisis estad\u00edstico de la utilizaci\u00f3n que hacen los usuarios del servicio ofertado. Para ello se analiza su navegaci\u00f3n en nuestra p\u00e1gina web con el fin de mejorar la oferta de productos o servicios que le ofrecemos.\n\nC\u00f3mo consultar o eliminar las cookies\n\nPara consultar las cookies que webs como la nuestra han vinculado a tu usuario solo tienes que acceder a la configuraci\u00f3n de privacidad de tu navegador. A continuaci\u00f3n te compartimos los enlaces que explican c\u00f3mo hacerlo desde los navegadores m\u00e1s habituales:\n\nFirefox: http:\/\/support.mozilla.org\/es\/kb\/habilitar-y-deshabilitar-cookies-que-los-sitios-we\n\nSafari: http:\/\/support.apple.com\/kb\/HT1677?viewlocale=es_ES\n\nGoogle Chrome: https:\/\/support.google.com\/chrome\/answer\/95647?hl=es\n\nMuchos navegadores permiten activar un modo privado donde podr\u00e1s borrar las cookies una vez navegado en mi p\u00e1gina. Consulta las opciones de navegaci\u00f3n en privado de tu navegador.\n\nComo responsable legal Arminda Carbonell Hern\u00e1ndez a trav\u00e9s del presente documento, recoge su Pol\u00edtica de recogida y tratamiento de cookies, en cumplimiento de lo dispuesto en el art\u00edculo 22.2 de la Ley 34\/2002, de 11 de julio, de Servicios de la Sociedad de la Informaci\u00f3n y de Comercio Electr\u00f3nico (LSSICE).\t\t\t\t\t\t\t\t<\/div>\n\t\t\t\t\t<\/div>\n\t\t\t\t<\/div>\n\t\t\t\t<\/div>\n\t\t","protected":false},"excerpt":{"rendered":"<p>Una cookie es un peque\u00f1o fichero de texto que se almacena en su navegador cuando visita casi cualquier p\u00e1gina web. Su utilidad es que la web sea capaz de recordar su visita cuando vuelva a navegar por esa p\u00e1gina. Las cookies suelen almacenar informaci\u00f3n de car\u00e1cter t\u00e9cnico, preferencias personales, personalizaci\u00f3n de contenidos, estad\u00edsticas de uso, [&hellip;]<\/p>\n","protected":false},"author":1,"featured_media":0,"parent":0,"menu_order":0,"comment_status":"closed","ping_status":"closed","template":"","meta":{"footnotes":""},"class_list":["post-1195","page","type-page","status-publish","hentry"],"_links":{"self":[{"href":"https:\/\/www.armindacarbonell.com\/en\/wp-json\/wp\/v2\/pages\/1195","targetHints":{"allow":["GET"]}}],"collection":[{"href":"https:\/\/www.armindacarbonell.com\/en\/wp-json\/wp\/v2\/pages"}],"about":[{"href":"https:\/\/www.armindacarbonell.com\/en\/wp-json\/wp\/v2\/types\/page"}],"author":[{"embeddable":true,"href":"https:\/\/www.armindacarbonell.com\/en\/wp-json\/wp\/v2\/users\/1"}],"replies":[{"embeddable":true,"href":"https:\/\/www.armindacarbonell.com\/en\/wp-json\/wp\/v2\/comments?post=1195"}],"version-history":[{"count":9,"href":"https:\/\/www.armindacarbonell.com\/en\/wp-json\/wp\/v2\/pages\/1195\/revisions"}],"predecessor-version":[{"id":3226,"href":"https:\/\/www.armindacarbonell.com\/en\/wp-json\/wp\/v2\/pages\/1195\/revisions\/3226"}],"wp:attachment":[{"href":"https:\/\/www.armindacarbonell.com\/en\/wp-json\/wp\/v2\/media?parent=1195"}],"curies":[{"name":"wp","href":"https:\/\/api.w.org\/{rel}","templated":true}]}}